{"id":8044,"date":"2021-04-12T15:29:47","date_gmt":"2021-04-12T12:29:47","guid":{"rendered":"https:\/\/stilus.com.tr\/?page_id=8044"},"modified":"2021-11-08T11:28:20","modified_gmt":"2021-11-08T08:28:20","slug":"contact-us","status":"publish","type":"page","link":"https:\/\/stilus.com.tr\/en\/contact-us\/","title":{"rendered":"Contact Us"},"content":{"rendered":"<section class=\"l-section wpb_row height_custom\"><div class=\"l-section-h i-cf\"><div class=\"g-cols vc_row via_flex valign_top type_default stacking_default\" style=\"--additional-gap:10px;\"><div class=\"vc_col-sm-6 wpb_column vc_column_container\"><div class=\"vc_column-inner\"><div class=\"wpb_wrapper\"><div class=\"wpb_text_column\"><div class=\"wpb_wrapper\"><p><strong>ODT\u00dc TEKNOKENT<\/strong><br \/>\n<em>Informatics Innovation Center<\/em><\/p>\n<\/div><\/div><div class=\"w-separator size_small\"><\/div><div class=\"wpb_text_column\"><div class=\"wpb_wrapper\"><p>Mustafa Kemal Mah. Dumlup\u0131nar Blv. No: 280 G \u0130\u00e7 Kap\u0131 No: 1260 \u00c7ankaya \/ ANKARA<\/p>\n<\/div><\/div><div class=\"w-separator size_small\"><\/div><div class=\"wpb_text_column\"><div class=\"wpb_wrapper\"><p><b>YILDIZ TEKNOPARK<\/b><br \/>\n<em>YT\u00dc Davutpasa Campus<br \/>\n\u0130STANBUL<\/em><\/p>\n<\/div><\/div><div class=\"w-separator size_small\"><\/div><div class=\"wpb_text_column\"><div class=\"wpb_wrapper\"><p><strong>ASO TEKNOPARK<\/strong><br \/>\n<em>Sincan Organized Industrial Zone<br \/>\nANKARA<\/em><\/p>\n<\/div><\/div><div class=\"w-separator size_small\"><\/div><div class=\"w-iconbox iconpos_left style_circle color_primary align_left no_text\"><a href=\"tel:+903124860356\" class=\"w-iconbox-link\" aria-label=\"+90 312 486 0 356\"><div class=\"w-iconbox-icon\" style=\"font-size:18px;\"><i class=\"far fa-phone\"><\/i><\/div><\/a><div class=\"w-iconbox-meta\"><a href=\"tel:+903124860356\" class=\"w-iconbox-link\" aria-label=\"+90 312 486 0 356\"><div class=\"w-iconbox-title\">+90 312 486 0 356<\/div><\/a><\/div><\/div><div class=\"w-separator size_small\"><\/div><div class=\"w-iconbox iconpos_left style_circle color_primary align_left no_text\"><a href=\"mailto:info@stilus.com.tr\" class=\"w-iconbox-link\" aria-label=\"info@stilus.com.tr\"><div class=\"w-iconbox-icon\" style=\"font-size:18px;\"><i class=\"far fa-envelope\"><\/i><\/div><\/a><div class=\"w-iconbox-meta\"><a href=\"mailto:info@stilus.com.tr\" class=\"w-iconbox-link\" aria-label=\"info@stilus.com.tr\"><div class=\"w-iconbox-title\">info@stilus.com.tr<\/div><\/a><\/div><\/div><div class=\"w-separator size_small\"><\/div><div class=\"w-iconbox iconpos_left style_circle color_primary align_left no_text\"><a href=\"mailto:hr@stilus.com.tr\" class=\"w-iconbox-link\" aria-label=\"hr@stilus.com.tr\"><div class=\"w-iconbox-icon\" style=\"font-size:18px;\"><i class=\"far fa-envelope\"><\/i><\/div><\/a><div class=\"w-iconbox-meta\"><a href=\"mailto:hr@stilus.com.tr\" class=\"w-iconbox-link\" aria-label=\"hr@stilus.com.tr\"><div class=\"w-iconbox-title\">hr@stilus.com.tr<\/div><\/a><\/div><\/div><div class=\"w-separator size_medium\"><\/div><div class=\"w-socials us_custom_d817e070 color_link shape_none\" style=\"--gap:0.1em;\"><div class=\"w-socials-list\"><div class=\"w-socials-item linkedin\"><a class=\"w-socials-item-link\" href=\"https:\/\/www.linkedin.com\/company\/stilus-it-solutions\/\" target=\"_blank\" rel=\"noopener nofollow\" title=\"LinkedIn\" aria-label=\"LinkedIn\"><span class=\"w-socials-item-link-hover\"><\/span><i class=\"fab fa-linkedin\"><\/i><\/a><\/div><\/div><\/div><\/div><\/div><\/div><div class=\"vc_col-sm-6 wpb_column vc_column_container\"><div class=\"vc_column-inner us_custom_2c4f4a12\"><div class=\"vc_column-overlay\" style=\"background:linear-gradient(360deg,#8A3086,#38A2DB)\"><\/div><div class=\"wpb_wrapper\"><form class=\"w-form  us_custom_6df4bc3a has_text_color layout_ver for_cform us_form_1\" autocomplete=\"off\" action=\"https:\/\/stilus.com.tr\/en\/wp-json\/wp\/v2\/pages\/8044\" method=\"post\"><div class=\"w-form-h\"><div class=\"w-form-row for_text has_label required\">\r\n\t\t\t<div class=\"w-form-row-label\">\r\n\t\t\t<span>Name Surname *<\/span>\r\n\t\t<\/div>\r\n\t\t<div class=\"w-form-row-field\">\r\n\t\t\t\t\t\t<input aria-label=\"Name Surname\" type=\"text\" name=\"us_form_1_text_1\" value placeholder data-required=\"true\" aria-required=\"true\"\/>\r\n\t\t\t<\/div>\r\n\t\t<div class=\"w-form-row-state\">Fill out this field<\/div>\r\n<\/div>\r\n<div class=\"w-form-row for_email has_label required\">\r\n\t\t\t<div class=\"w-form-row-label\">\r\n\t\t\t<span>E-Mail *<\/span>\r\n\t\t<\/div>\r\n\t\t<div class=\"w-form-row-field\">\r\n\t\t\t\t\t\t<input aria-label=\"E-Mail\" type=\"email\" name=\"us_form_1_email_1\" value placeholder data-required=\"true\" aria-required=\"true\"\/>\r\n\t\t\t<\/div>\r\n\t\t<div class=\"w-form-row-state\">Please enter a valid email address.<\/div>\r\n<\/div>\r\n<div class=\"w-form-row for_textarea has_label required\">\r\n\t\t\t<div class=\"w-form-row-label\">\r\n\t\t\t<span>Message *<\/span>\r\n\t\t<\/div>\r\n\t\t<div class=\"w-form-row-field\">\r\n\t\t\t\t\t\t<textarea aria-label=\"Message\" name=\"us_form_1_textarea_1\" placeholder data-required=\"true\" aria-required=\"true\"><\/textarea>\r\n\t\t\t<\/div>\r\n\t\t<div class=\"w-form-row-state\">Fill out this field<\/div>\r\n<\/div>\r\n<div class=\"w-form-row for_captcha required\">\r\n\t<div class=\"w-form-row-label\">\r\n\t\t<span> <span>21 + 14 = ?<\/span><\/span>\r\n\t<\/div>\r\n\t<div class=\"w-form-row-field\">\r\n\t\t\t\t<input type=\"hidden\" name=\"us_form_1_captcha_1_hash\" value=\"2f6bc7c3426606a4447e97221146432e\" \/>\r\n\t\t\t\t<input aria-label=\"us_form_1_captcha_1\" type=\"text\" name=\"us_form_1_captcha_1\" placeholder data-required=\"true\" aria-required=\"true\"\/>\r\n\t\t\t<\/div>\r\n\t\t<div class=\"w-form-row-state\">Enter the equation result to proceed<\/div>\r\n<\/div>\r\n<input type=\"hidden\" name=\"action\" value=\"us_ajax_cform\" \/>\r\n<input type=\"hidden\" name=\"post_id\" value=\"0\" \/>\r\n<input type=\"hidden\" name=\"form_index\" value=\"1\" \/>\r\n<div class=\"w-form-row for_submit  align_right\">\r\n\t<button class=\"w-btn  us-btn-style_8\" aria-label=\"Send\" type=\"submit\">\r\n\t\t<span class=\"g-preloader type_1\"><\/span>\r\n\t\t\t\t<span class=\"w-btn-label\">Send<\/span>\r\n\t\t\t<\/button>\r\n\t<\/div>\r\n<\/div><div class=\"w-form-message\"><\/div><div class=\"w-form-json hidden\" onclick='return {&quot;ajaxurl&quot;:&quot;https:\\\/\\\/stilus.com.tr\\\/wp-admin\\\/admin-ajax.php&quot;,&quot;messages&quot;:{&quot;err_empty&quot;:&quot;Fill out this field&quot;,&quot;err_size&quot;:&quot;File size cannot exceed %s MB&quot;,&quot;err_extension&quot;:&quot;%s file type is not allowed&quot;}}'><\/div><\/form><\/div><\/div><\/div><\/div><\/div><\/section><section class=\"l-section wpb_row height_auto width_full\"><div class=\"l-section-h i-cf\"><div class=\"g-cols vc_row via_flex valign_top type_default stacking_default\"><div class=\"vc_col-sm-12 wpb_column vc_column_container\"><div class=\"vc_column-inner us_custom_e438eea5\"><div class=\"wpb_wrapper\"><div class=\"wpb_text_column us_custom_e438eea5\"><div class=\"wpb_wrapper\"><p><iframe loading=\"lazy\" class=\"gmaps\" style=\"border: 0;\" tabindex=\"0\" src=\"https:\/\/www.google.com\/maps\/embed?pb=!1m18!1m12!1m3!1d2072.3420251908783!2d32.75075228295339!3d39.908074321468256!2m3!1f0!2f0!3f0!3m2!1i1024!2i768!4f13.1!3m3!1m2!1s0x14d347c53905a337%3A0x70c33d1316e7cbef!2sMustafa%20Kemal%2C%20Dumlup%C4%B1nar%20Blv.%20280%2FG%2C%2006510%20%C3%87ankaya%2FAnkara!5e0!3m2!1str!2str!4v1607608078806!5m2!1str!2str\" width=\"100%\" height=\"450\" frameborder=\"0\" allowfullscreen=\"allowfullscreen\" aria-hidden=\"false\" data-mce-fragment=\"1\"><\/iframe><\/p>\n<\/div><\/div><\/div><\/div><\/div><\/div><\/div><\/section>\n","protected":false},"excerpt":{"rendered":"ODT\u00dc TEKNOKENT Informatics Innovation Center Mustafa Kemal Mah. Dumlup\u0131nar Blv. No: 280 G \u0130\u00e7 Kap\u0131 No: 1260 \u00c7ankaya \/ ANKARA YILDIZ TEKNOPARK YT\u00dc Davutpasa Campus \u0130STANBUL ASO TEKNOPARK Sincan Organized Industrial Zone ANKARA +90 312 486 0 356info@stilus.com.trhr@stilus.com.tr Name Surname * Fill out this field E-Mail * Please enter a valid email address. Message *...","protected":false},"author":1,"featured_media":0,"parent":0,"menu_order":0,"comment_status":"closed","ping_status":"closed","template":"","meta":[],"acf":[],"_links":{"self":[{"href":"https:\/\/stilus.com.tr\/en\/wp-json\/wp\/v2\/pages\/8044"}],"collection":[{"href":"https:\/\/stilus.com.tr\/en\/wp-json\/wp\/v2\/pages"}],"about":[{"href":"https:\/\/stilus.com.tr\/en\/wp-json\/wp\/v2\/types\/page"}],"author":[{"embeddable":true,"href":"https:\/\/stilus.com.tr\/en\/wp-json\/wp\/v2\/users\/1"}],"replies":[{"embeddable":true,"href":"https:\/\/stilus.com.tr\/en\/wp-json\/wp\/v2\/comments?post=8044"}],"version-history":[{"count":3,"href":"https:\/\/stilus.com.tr\/en\/wp-json\/wp\/v2\/pages\/8044\/revisions"}],"predecessor-version":[{"id":8157,"href":"https:\/\/stilus.com.tr\/en\/wp-json\/wp\/v2\/pages\/8044\/revisions\/8157"}],"wp:attachment":[{"href":"https:\/\/stilus.com.tr\/en\/wp-json\/wp\/v2\/media?parent=8044"}],"curies":[{"name":"wp","href":"https:\/\/api.w.org\/{rel}","templated":true}]}}